{"id":2953,"date":"2015-10-09T17:07:26","date_gmt":"2015-10-09T17:07:26","guid":{"rendered":"http:\/\/nagervermittlung-stuttgart.de\/wp\/?page_id=2953"},"modified":"2018-10-05T20:53:17","modified_gmt":"2018-10-05T20:53:17","slug":"vermittlungs-streifis","status":"publish","type":"page","link":"https:\/\/www.nagervermittlung-stuttgart.de\/wp\/vermittlungs-streifis\/","title":{"rendered":"Vermittlungs-Streifenh\u00f6rnchen"},"content":{"rendered":"<p>Als Notfall-Hilfe f\u00fcr Streifenh\u00f6rnchen stellen wir dir auf dieser Seite unsere Vermittlungsstreifenh\u00f6rnchen vor. Alle Vermittlungstiere, die in den Tierheimen wohnen, werden von uns besucht und kennen gelernt. Ihr von uns beobachtetes Verhalten bzw. ihre Charaktere, aber auch Krankheiten oder ihre Vorgeschichte, soweit sie uns bekannt ist, bloggen wir auf diesen Seiten. Wir arbeiten eng mit den Kleintierpflegern zusammen und werden regelm\u00e4\u00dfig \u00fcber Neuigkeiten der Notfelle informiert bzw. holen uns diese Informationen von ihnen ab.<\/p>\n<p>Wir w\u00fcnschen viel Vergn\u00fcgen beim St\u00f6bern, in der Hoffnung, dass du die zu dir passenden Notnasen findest.<\/p>\n<div class=\"ACT-wrapper\"><h4><a href='https:\/\/www.nagervermittlung-stuttgart.de\/wp\/cat\/vermittlung\/'>Vermittlungstiere<\/a><\/h4><ul><\/ul><\/div> <!-- ACT-wrapper -->\n","protected":false},"excerpt":{"rendered":"<p>Als Notfall-Hilfe f\u00fcr Streifenh\u00f6rnchen stellen wir dir auf dieser Seite unsere Vermittlungsstreifenh\u00f6rnchen vor. Alle Vermittlungstiere, die in den Tierheimen wohnen, werden von uns besucht und kennen gelernt. Ihr von uns <a class=\"more-link\" href=\"https:\/\/www.nagervermittlung-stuttgart.de\/wp\/vermittlungs-streifis\/\">Mehr \u2192<\/a><\/p>\n","protected":false},"author":1,"featured_media":0,"parent":0,"menu_order":0,"comment_status":"closed","ping_status":"closed","template":"","meta":{"spay_email":""},"jetpack_sharing_enabled":true,"_links":{"self":[{"href":"https:\/\/www.nagervermittlung-stuttgart.de\/wp\/wp-json\/wp\/v2\/pages\/2953"}],"collection":[{"href":"https:\/\/www.nagervermittlung-stuttgart.de\/wp\/wp-json\/wp\/v2\/pages"}],"about":[{"href":"https:\/\/www.nagervermittlung-stuttgart.de\/wp\/wp-json\/wp\/v2\/types\/page"}],"author":[{"embeddable":true,"href":"https:\/\/www.nagervermittlung-stuttgart.de\/wp\/wp-json\/wp\/v2\/users\/1"}],"replies":[{"embeddable":true,"href":"https:\/\/www.nagervermittlung-stuttgart.de\/wp\/wp-json\/wp\/v2\/comments?post=2953"}],"version-history":[{"count":8,"href":"https:\/\/www.nagervermittlung-stuttgart.de\/wp\/wp-json\/wp\/v2\/pages\/2953\/revisions"}],"predecessor-version":[{"id":12917,"href":"https:\/\/www.nagervermittlung-stuttgart.de\/wp\/wp-json\/wp\/v2\/pages\/2953\/revisions\/12917"}],"wp:attachment":[{"href":"https:\/\/www.nagervermittlung-stuttgart.de\/wp\/wp-json\/wp\/v2\/media?parent=2953"}],"curies":[{"name":"wp","href":"https:\/\/api.w.org\/{rel}","templated":true}]}}